{"id":119,"date":"2022-09-12T16:33:34","date_gmt":"2022-09-12T14:33:34","guid":{"rendered":"https:\/\/3caudio.es\/wordpress\/?page_id=119"},"modified":"2024-09-17T18:45:21","modified_gmt":"2024-09-17T16:45:21","slug":"u3c-al-descubierto","status":"publish","type":"page","link":"http:\/\/3caudio.es\/wordpress\/u3c-al-descubierto\/","title":{"rendered":"U3C al descubierto"},"content":{"rendered":"\n<p>U3C es sin\u00f3nimo de confort ac\u00fastico y energ\u00e9tico, donde su tranquilidad es nuestra energ\u00eda.<\/p>\n\n\n\n<p>Ofrecemos productos f\u00edsicos seleccionados en nuestro web bajo la \u00f3ptica de confort y estamos abiertos a generar una soluci\u00f3n a la medida en contornos ac\u00fasticos dif\u00edciles y ubicaciones que requieran continuidad, gesti\u00f3n y respaldo energ\u00e9tico.<\/p>\n\n\n\n<h2 class=\"wp-block-heading\">Confort ac\u00fastico activo<\/h2>\n\n\n\n<p>El Confort ac\u00fastico de los clientes, usuarios o comensales que visitan establecimientos de ocio, hosteler\u00eda, salas de conferencias, \u00e1reas p\u00fablicas cerradas, Iglesias, oficinas, coworking e inclusive las \u00e1reas de descanso y relax de nuestras \u00e1reas privadas, es fundamental y determinante en su experiencia y es un factor clave en la facturaci\u00f3n.<\/p>\n\n\n<div class=\"wp-block-image\">\n<figure class=\"aligncenter size-full\"><img loading=\"lazy\" decoding=\"async\" width=\"589\" height=\"396\" src=\"http:\/\/3caudio.es\/wordpress\/wp-content\/uploads\/2022\/09\/Restaurant_confort.png\" alt=\"\" class=\"wp-image-107\" srcset=\"http:\/\/3caudio.es\/wordpress\/wp-content\/uploads\/2022\/09\/Restaurant_confort.png 589w, http:\/\/3caudio.es\/wordpress\/wp-content\/uploads\/2022\/09\/Restaurant_confort-300x202.png 300w\" sizes=\"auto, (max-width: 589px) 100vw, 589px\" \/><\/figure><\/div>\n\n\n<p>El patr\u00f3n que hemos observado es de una mayor\u00eda de establecimientos con requerimientos urgentes de actualizaci\u00f3n en confort ac\u00fastico, con sistemas de sonido deficientes o ac\u00fasticamente agresores.<\/p>\n\n\n\n<p>Nuestra soluci\u00f3n integral combina las soluciones pasivas que reduce el ruido y la contaminaci\u00f3n ac\u00fastica; y se complementa con sistemas de sonido de manera activa para introducir sonorizaci\u00f3n agradable y percepci\u00f3n de \u201cgran ambiente\u201d, para obtener un resultado excepcional de elevado confort ac\u00fastico y de entusiasmo con la experiencia sonora tal que los clientes, usuarios o comensales permanecen mas tiempo, incrementando el consumo y visitas; puntos muy importantes que colocan a nuestro cliente en una posici\u00f3n privilegiada frente a la competencia.<\/p>\n\n\n\n<p>Actualmente tenemos las alianzas estrat\u00e9gicas que nos permite responder de manera individualizada a cada proyecto en materia de suministros, manufactura e instalaci\u00f3n y con escala modular bajo requerimiento.<\/p>\n\n\n\n<h2 class=\"wp-block-heading\">Confort y confiabilidad en Energ\u00eda El\u00e9ctrica<\/h2>\n\n\n\n<p>El incremento de la demanda de la energ\u00eda el\u00e9ctrica se encuentra relacionado con el crecimiento econ\u00f3mico, los avances tecnol\u00f3gicos y la sustituci\u00f3n progresiva de las fuentes de energ\u00eda con combustible de origen f\u00f3sil por alternativas renovables y de generaci\u00f3n limpia, creando un impacto sobre las infraestructuras existentes que requerir\u00e1n de alto niveles de inversi\u00f3n para actualizar y ampliar, dif\u00edcil de sostener en algunos mercados, en especial Latinoam\u00e9rica y en algunas circunstancias temporales.<\/p>\n\n\n\n<figure class=\"wp-block-image size-full\"><img loading=\"lazy\" decoding=\"async\" width=\"1024\" height=\"1024\" src=\"http:\/\/3caudio.es\/wordpress\/wp-content\/uploads\/2022\/09\/FallaElectrica.png\" alt=\"\" class=\"wp-image-108\" srcset=\"http:\/\/3caudio.es\/wordpress\/wp-content\/uploads\/2022\/09\/FallaElectrica.png 1024w, http:\/\/3caudio.es\/wordpress\/wp-content\/uploads\/2022\/09\/FallaElectrica-300x300.png 300w, http:\/\/3caudio.es\/wordpress\/wp-content\/uploads\/2022\/09\/FallaElectrica-150x150.png 150w, http:\/\/3caudio.es\/wordpress\/wp-content\/uploads\/2022\/09\/FallaElectrica-768x768.png 768w, http:\/\/3caudio.es\/wordpress\/wp-content\/uploads\/2022\/09\/FallaElectrica-80x80.png 80w\" sizes=\"auto, (max-width: 1024px) 100vw, 1024px\" \/><\/figure>\n\n\n\n<p>Como resultado vemos escenarios de servicios inestables e intermitentes que obliga el uso de sistemas de gesti\u00f3n de energ\u00eda para mantener la confiabilidad y estabilidad del sistema el\u00e9ctrico en residencia, comercios, industrias e incluso localidades completas.<\/p>\n\n\n\n<p>Desarrollamos una soluci\u00f3n de sistemas de gesti\u00f3n de energ\u00eda el\u00e9ctrica para exportaci\u00f3n, enfocado en cubrir la severa deficiencia e inestabilidad de la red el\u00e9ctrica p\u00fablica en pa\u00edses latinoamericanos, donde se destaca el caso de Venezuela con constante inestabilidad y severas interrupciones diarias, soluci\u00f3n que ha recibido una gran acogida.<\/p>\n\n\n\n<p>Esta soluci\u00f3n de gesti\u00f3n de energ\u00eda el\u00e9ctrica es adem\u00e1s escalable, permitiendo atender la totalidad de los equipos el\u00e9ctricos con una generaci\u00f3n el\u00e9ctrica continua las 24 horas con los par\u00e1metros \u00f3ptimos, libre de transferencias (conmutaciones), aislando los equipos de las inestabilidades y distorsiones en la red p\u00fablica, que tambi\u00e9n se beneficia ya que el sistema le presenta un consumo puro sin distorsiones, optimizado y constante, muy inferior a los valores pico antes de la implementaci\u00f3n. Almacenamiento de \u00faltima generaci\u00f3n en Litio modular, interconectividad (IoT), informaci\u00f3n y gesti\u00f3n avanzados remota, largo tiempo de vida sin mantenimiento, breve periodo de recarga, cubre picos de demanda sin incrementar la acometida el\u00e9ctrica, opci\u00f3n de autogeneraci\u00f3n y de optimizaci\u00f3n de tarifa por franja horaria descarga seg\u00fan requerimiento y con cero mantenimiento<\/p>\n","protected":false},"excerpt":{"rendered":"<p>U3C es sin\u00f3nimo de confort ac\u00fastico y energ\u00e9tico, donde su tranquilidad es nuestra energ\u00eda. Ofrecemos productos f\u00edsicos seleccionados&#8230;<\/p>\n","protected":false},"author":3,"featured_media":103,"parent":0,"menu_order":0,"comment_status":"closed","ping_status":"closed","template":"","meta":{"footnotes":""},"class_list":["post-119","page","type-page","status-publish","has-post-thumbnail","hentry"],"_links":{"self":[{"href":"http:\/\/3caudio.es\/wordpress\/wp-json\/wp\/v2\/pages\/119","targetHints":{"allow":["GET"]}}],"collection":[{"href":"http:\/\/3caudio.es\/wordpress\/wp-json\/wp\/v2\/pages"}],"about":[{"href":"http:\/\/3caudio.es\/wordpress\/wp-json\/wp\/v2\/types\/page"}],"author":[{"embeddable":true,"href":"http:\/\/3caudio.es\/wordpress\/wp-json\/wp\/v2\/users\/3"}],"replies":[{"embeddable":true,"href":"http:\/\/3caudio.es\/wordpress\/wp-json\/wp\/v2\/comments?post=119"}],"version-history":[{"count":1,"href":"http:\/\/3caudio.es\/wordpress\/wp-json\/wp\/v2\/pages\/119\/revisions"}],"predecessor-version":[{"id":120,"href":"http:\/\/3caudio.es\/wordpress\/wp-json\/wp\/v2\/pages\/119\/revisions\/120"}],"wp:featuredmedia":[{"embeddable":true,"href":"http:\/\/3caudio.es\/wordpress\/wp-json\/wp\/v2\/media\/103"}],"wp:attachment":[{"href":"http:\/\/3caudio.es\/wordpress\/wp-json\/wp\/v2\/media?parent=119"}],"curies":[{"name":"wp","href":"https:\/\/api.w.org\/{rel}","templated":true}]}}